{"id":903,"date":"2022-07-18T17:03:47","date_gmt":"2022-07-18T15:03:47","guid":{"rendered":"http:\/\/wp.kuechphysio.de\/?page_id=903"},"modified":"2023-03-27T11:23:40","modified_gmt":"2023-03-27T09:23:40","slug":"impressum","status":"publish","type":"page","link":"https:\/\/kuechphysio.de\/?page_id=903","title":{"rendered":"Impressum"},"content":{"rendered":"\t\t<div data-elementor-type=\"wp-page\" data-elementor-id=\"903\" class=\"elementor elementor-903\">\n\t\t\t\t\t\t<section class=\"elementor-section elementor-top-section elementor-element elementor-element-57946f6 elementor-section-boxed elementor-section-height-default elementor-section-height-default\" data-id=\"57946f6\" data-element_type=\"section\" data-e-type=\"section\">\n\t\t\t\t\t\t<div class=\"elementor-container elementor-column-gap-default\">\n\t\t\t\t\t<div class=\"elementor-column elementor-col-100 elementor-top-column elementor-element elementor-element-35f8590\" data-id=\"35f8590\" data-element_type=\"column\" data-e-type=\"column\">\n\t\t\t<div class=\"elementor-widget-wrap elementor-element-populated\">\n\t\t\t\t\t\t<div class=\"elementor-element elementor-element-8b7d963 elementor-widget elementor-widget-heading\" data-id=\"8b7d963\" data-element_type=\"widget\" data-e-type=\"widget\" data-widget_type=\"heading.default\">\n\t\t\t\t<div class=\"elementor-widget-container\">\n\t\t\t\t\t<h2 class=\"elementor-heading-title elementor-size-default\">Impressum<\/h2>\t\t\t\t<\/div>\n\t\t\t\t<\/div>\n\t\t\t\t<div class=\"elementor-element elementor-element-50f097a elementor-widget elementor-widget-text-editor\" data-id=\"50f097a\" data-element_type=\"widget\" data-e-type=\"widget\" data-widget_type=\"text-editor.default\">\n\t\t\t\t<div class=\"elementor-widget-container\">\n\t\t\t\t\t\t\t\t\t<p><strong>Verantwortlich f\u00fcr den Inhalt:<\/strong><\/p>\n<p>K\u00fcch Physiotherapie<br>Mirko K\u00fcch<br>Frintroper Stra\u00dfe 42, 45359 Essen<br>Tel.: 0201 \/ 685 23 23 oder -25<br>Fax: 0201 \/ 685 23 24<br>Email: info@kuechphysio.de<\/p>\n<p>St.-Nr.: 133\/5072\/1300<br>Erf\u00fcllungsort und Gerichtsstand ist Essen<\/p>\n<p>Die Inhalte d\u00fcrfen weder ganz noch teilweise ohne vorherige schriftliche Genehmigung des Urhebers vervielf\u00e4ltigt und\/oder ver\u00f6ffentlicht oder in einem Informationssystem gespeichert werden. Der Urheber \u00fcbernimmt keinerlei Haftung f\u00fcr die Richtigkeit der Angaben auf dieser Web-Site. Dies gilt ebenso f\u00fcr alle anderen Websites, auf die mittel eines Hyperlinks verwiesen wird. F\u00fcr den Inhalt solcher Sites ist der Urheber ebenfalls nicht verantwortlich.<\/p>\n<p>Webdesign: <a href=\"https:\/\/raumbar.net\" target=\"_blank\" rel=\"noopener\"><strong>www.raumbar.net<\/strong><\/a><\/p>\t\t\t\t\t\t\t\t<\/div>\n\t\t\t\t<\/div>\n\t\t\t\t\t<\/div>\n\t\t<\/div>\n\t\t\t\t\t<\/div>\n\t\t<\/section>\n\t\t\t\t<\/div>\n\t\t","protected":false},"excerpt":{"rendered":"<p>Impressum Verantwortlich f\u00fcr den Inhalt: K\u00fcch PhysiotherapieMirko K\u00fcchFrintroper Stra\u00dfe 42, 45359 EssenTel.: 0201 \/ 685 23 23 oder -25Fax: 0201 \/ 685 23 24Email: info@kuechphysio.de St.-Nr.: 133\/5072\/1300Erf\u00fcllungsort und Gerichtsstand ist Essen Die Inhalte d\u00fcrfen weder ganz noch teilweise ohne vorherige schriftliche Genehmigung des Urhebers vervielf\u00e4ltigt und\/oder ver\u00f6ffentlicht oder in einem Informationssystem gespeichert werden. Der Urheber [&hellip;]<\/p>\n","protected":false},"author":1,"featured_media":0,"parent":0,"menu_order":0,"comment_status":"closed","ping_status":"closed","template":"","meta":{"ocean_post_layout":"","ocean_both_sidebars_style":"","ocean_both_sidebars_content_width":0,"ocean_both_sidebars_sidebars_width":0,"ocean_sidebar":"0","ocean_second_sidebar":"0","ocean_disable_margins":"enable","ocean_add_body_class":"","ocean_shortcode_before_top_bar":"","ocean_shortcode_after_top_bar":"","ocean_shortcode_before_header":"","ocean_shortcode_after_header":"","ocean_has_shortcode":"","ocean_shortcode_after_title":"","ocean_shortcode_before_footer_widgets":"","ocean_shortcode_after_footer_widgets":"","ocean_shortcode_before_footer_bottom":"","ocean_shortcode_after_footer_bottom":"","ocean_display_top_bar":"off","ocean_display_header":"default","ocean_header_style":"","ocean_center_header_left_menu":"0","ocean_custom_header_template":"0","ocean_custom_logo":0,"ocean_custom_retina_logo":0,"ocean_custom_logo_max_width":0,"ocean_custom_logo_tablet_max_width":0,"ocean_custom_logo_mobile_max_width":0,"ocean_custom_logo_max_height":0,"ocean_custom_logo_tablet_max_height":0,"ocean_custom_logo_mobile_max_height":0,"ocean_header_custom_menu":"8","ocean_menu_typo_font_family":"0","ocean_menu_typo_font_subset":"","ocean_menu_typo_font_size":0,"ocean_menu_typo_font_size_tablet":0,"ocean_menu_typo_font_size_mobile":0,"ocean_menu_typo_font_size_unit":"px","ocean_menu_typo_font_weight":"","ocean_menu_typo_font_weight_tablet":"","ocean_menu_typo_font_weight_mobile":"","ocean_menu_typo_transform":"","ocean_menu_typo_transform_tablet":"","ocean_menu_typo_transform_mobile":"","ocean_menu_typo_line_height":0,"ocean_menu_typo_line_height_tablet":0,"ocean_menu_typo_line_height_mobile":0,"ocean_menu_typo_line_height_unit":"","ocean_menu_typo_spacing":0,"ocean_menu_typo_spacing_tablet":0,"ocean_menu_typo_spacing_mobile":0,"ocean_menu_typo_spacing_unit":"","ocean_menu_link_color":"","ocean_menu_link_color_hover":"","ocean_menu_link_color_active":"","ocean_menu_link_background":"","ocean_menu_link_hover_background":"","ocean_menu_link_active_background":"","ocean_menu_social_links_bg":"","ocean_menu_social_hover_links_bg":"","ocean_menu_social_links_color":"","ocean_menu_social_hover_links_color":"","ocean_disable_title":"on","ocean_disable_heading":"default","ocean_post_title":"","ocean_post_subheading":"","ocean_post_title_style":"","ocean_post_title_background_color":"","ocean_post_title_background":0,"ocean_post_title_bg_image_position":"","ocean_post_title_bg_image_attachment":"","ocean_post_title_bg_image_repeat":"","ocean_post_title_bg_image_size":"","ocean_post_title_height":0,"ocean_post_title_bg_overlay":0.5,"ocean_post_title_bg_overlay_color":"","ocean_disable_breadcrumbs":"default","ocean_breadcrumbs_color":"","ocean_breadcrumbs_separator_color":"","ocean_breadcrumbs_links_color":"","ocean_breadcrumbs_links_hover_color":"","ocean_display_footer_widgets":"off","ocean_display_footer_bottom":"off","ocean_custom_footer_template":"0","footnotes":""},"class_list":["post-903","page","type-page","status-publish","hentry","entry"],"_links":{"self":[{"href":"https:\/\/kuechphysio.de\/index.php?rest_route=\/wp\/v2\/pages\/903","targetHints":{"allow":["GET"]}}],"collection":[{"href":"https:\/\/kuechphysio.de\/index.php?rest_route=\/wp\/v2\/pages"}],"about":[{"href":"https:\/\/kuechphysio.de\/index.php?rest_route=\/wp\/v2\/types\/page"}],"author":[{"embeddable":true,"href":"https:\/\/kuechphysio.de\/index.php?rest_route=\/wp\/v2\/users\/1"}],"replies":[{"embeddable":true,"href":"https:\/\/kuechphysio.de\/index.php?rest_route=%2Fwp%2Fv2%2Fcomments&post=903"}],"version-history":[{"count":3,"href":"https:\/\/kuechphysio.de\/index.php?rest_route=\/wp\/v2\/pages\/903\/revisions"}],"predecessor-version":[{"id":1571,"href":"https:\/\/kuechphysio.de\/index.php?rest_route=\/wp\/v2\/pages\/903\/revisions\/1571"}],"wp:attachment":[{"href":"https:\/\/kuechphysio.de\/index.php?rest_route=%2Fwp%2Fv2%2Fmedia&parent=903"}],"curies":[{"name":"wp","href":"https:\/\/api.w.org\/{rel}","templated":true}]}}